{"id":6,"date":"2010-10-07T08:31:56","date_gmt":"2010-10-07T08:31:56","guid":{"rendered":"http:\/\/salt-n-light.de\/wp\/?page_id=6"},"modified":"2025-08-02T23:17:01","modified_gmt":"2025-08-02T21:17:01","slug":"uber-uns","status":"publish","type":"page","link":"https:\/\/salt-n-light.de\/?page_id=6","title":{"rendered":"\u00dcber uns"},"content":{"rendered":"<div class=\"wp-block-image\">\n<figure class=\"aligncenter\"><img decoding=\"async\" src=\"https:\/\/salt-n-light.de\/wp-content\/gallery\/hochzeit-sommer-2010\/ehmann_521_349.jpg\" alt=\"ehmann_521_349\"\/><\/figure>\n<\/div>\n\n\n<p><\/p>\n\n\n\n<p>&nbsp;<\/p>\n\n\n\n<p>Der Hamelner Gospelchor \u201eSalt\u2019n\u2019Light\u201c besteht seit April 1998. Die zur Zeit etwa 70 S\u00e4ngerinnen und S\u00e4nger kommen aus verschiedenen Gemeinden in Hameln und Umgebung und sind durch die Liebe zur Gospelmusik verbunden.<\/p>\n\n\n\n<p>Der Chor ist an keine Gemeinde gebunden.<\/p>\n\n\n\n<p>Unser Repertoire besteht \u00fcberwiegend aus modernen Gospels und Praise-and-Worship-Songs,<br>die entweder a capella oder mit Klavierbegleitung vorgetragen werden.<\/p>\n\n\n\n<p>Bei ausgew\u00e4hlten Auftritten werden wir auch von Gastmusikern unterst\u00fctzt.<\/p>\n\n\n\n<p>Geleitet wird der Chor von R\u00fcdiger Meyer, der es immer wieder schafft den S\u00e4ngerinnen und S\u00e4ngern das gewisse Etwas aus der Stimme zu kitzeln, um somit au\u00dfergew\u00f6hnliche Auftritte zu erm\u00f6glichen, die garantiert niemanden auf seinem Platz halten werden. Wir gestalten eigene Konzerte, wirken in Gottesdiensten mit, aber auch besondere Anl\u00e4sse wie z.B. Hochzeiten, Taufen bereichern wir mit unseren Liedern.<\/p>\n\n\n\n<p>Der Name \u201eSalt\u2019n\u2019Light\u201c nimmt Worte aus der Bergpredigt in Matth\u00e4us 5 auf, in der Jesus sagt:<br>\u201eIhr seid das Salz der Erde&#8230;\u201c und \u201eIhr seid das Licht der Welt&#8230;\u201c.<\/p>\n\n\n\n<p>Diese Aussage verstehen wir als Auftrag, den Menschen mit unseren Gospelsongs etwas vom christlichen Glauben zu vermitteln. Wie k\u00f6nnen wir leben ohne Salz und Licht? So wie das Salz Geschmack und W\u00fcrze in eine fade Speise bringt, wirkt das Licht anziehend und verdr\u00e4ngt die Dunkelheit. Es signalisiert: Hier ist Leben!<\/p>\n\n\n\n<p>Wir wollen als Gospelchor mit unseren Liedern anziehend auf Menschen wirken,<br>ihnen den Glauben an Jesus \u201eschmackhaft\u201c machen.<\/p>\n\n\n\n<p>Wenn auch Sie gerne einmal auf den Geschmack unseres K\u00f6nnens kommen m\u00f6chten, sind Sie herzlich dazu eingeladen, unsere \u00f6ffentlichen Auftritte zu besuchen. Nat\u00fcrlich k\u00f6nnen Sie uns auch f\u00fcr Ihre private Feier buchen, um ihrem Event ein besonderes Highlight zu geben. Kontaktdaten finden Sie unter \u201eKontakt\u201c<\/p>\n","protected":false},"excerpt":{"rendered":"<p>&nbsp; Der Hamelner Gospelchor \u201eSalt\u2019n\u2019Light\u201c besteht seit April 1998. Die zur Zeit etwa 70 S\u00e4ngerinnen und S\u00e4nger kommen aus verschiedenen Gemeinden in Hameln und Umgebung und sind durch die Liebe zur Gospelmusik verbunden. Der Chor ist an keine Gemeinde gebunden. Unser Repertoire besteht \u00fcberwiegend aus modernen Gospels und Praise-and-Worship-Songs,die entweder a capella oder mit Klavierbegleitung [&hellip;]<\/p>\n","protected":false},"author":3,"featured_media":0,"parent":0,"menu_order":1,"comment_status":"closed","ping_status":"closed","template":"single-page-template.php","meta":{"ngg_post_thumbnail":0,"footnotes":""},"class_list":["post-6","page","type-page","status-publish","hentry"],"_links":{"self":[{"href":"https:\/\/salt-n-light.de\/index.php?rest_route=\/wp\/v2\/pages\/6","targetHints":{"allow":["GET"]}}],"collection":[{"href":"https:\/\/salt-n-light.de\/index.php?rest_route=\/wp\/v2\/pages"}],"about":[{"href":"https:\/\/salt-n-light.de\/index.php?rest_route=\/wp\/v2\/types\/page"}],"author":[{"embeddable":true,"href":"https:\/\/salt-n-light.de\/index.php?rest_route=\/wp\/v2\/users\/3"}],"replies":[{"embeddable":true,"href":"https:\/\/salt-n-light.de\/index.php?rest_route=%2Fwp%2Fv2%2Fcomments&post=6"}],"version-history":[{"count":5,"href":"https:\/\/salt-n-light.de\/index.php?rest_route=\/wp\/v2\/pages\/6\/revisions"}],"predecessor-version":[{"id":2538,"href":"https:\/\/salt-n-light.de\/index.php?rest_route=\/wp\/v2\/pages\/6\/revisions\/2538"}],"wp:attachment":[{"href":"https:\/\/salt-n-light.de\/index.php?rest_route=%2Fwp%2Fv2%2Fmedia&parent=6"}],"curies":[{"name":"wp","href":"https:\/\/api.w.org\/{rel}","templated":true}]}}