{"id":388,"date":"2010-11-30T22:54:11","date_gmt":"2010-11-30T20:54:11","guid":{"rendered":"http:\/\/salt-n-light.de\/?page_id=388"},"modified":"2017-04-02T11:35:42","modified_gmt":"2017-04-02T09:35:42","slug":"presse","status":"publish","type":"page","link":"https:\/\/salt-n-light.de\/?page_id=388","title":{"rendered":"Presse"},"content":{"rendered":"<p>Die neuesten Beitr\u00e4ge aus der Dewezet zu unserem Konzert mit Deborah Woodson!!!! am 25. M\u00e4rz 2017 in der Marktkirche! Einmal die sehr gut gelungene Ank\u00fcndigung und dann ein Nachbericht \u00fcber den wir uns sehr gefreut haben, seht selbst:<\/p>\n<p>&nbsp;<\/p>\n<p>&nbsp;<\/p>\n<p><a href=\"https:\/\/salt-n-light.de\/wp-content\/uploads\/2017-03-27-PHOTO-00000779.jpg\"><img loading=\"lazy\" decoding=\"async\" class=\"alignnone size-medium wp-image-1437\" src=\"https:\/\/salt-n-light.de\/wp-content\/uploads\/2017-03-27-PHOTO-00000779-169x300.jpg\" alt=\"\" width=\"169\" height=\"300\" srcset=\"https:\/\/salt-n-light.de\/wp-content\/uploads\/2017-03-27-PHOTO-00000779-169x300.jpg 169w, https:\/\/salt-n-light.de\/wp-content\/uploads\/2017-03-27-PHOTO-00000779-576x1024.jpg 576w, https:\/\/salt-n-light.de\/wp-content\/uploads\/2017-03-27-PHOTO-00000779.jpg 720w\" sizes=\"auto, (max-width: 169px) 100vw, 169px\" \/><\/a><a href=\"https:\/\/salt-n-light.de\/wp-content\/uploads\/2017-03-27-PHOTO-00000780.jpg\"><img loading=\"lazy\" decoding=\"async\" class=\"alignnone size-medium wp-image-1434\" src=\"https:\/\/salt-n-light.de\/wp-content\/uploads\/2017-03-27-PHOTO-00000780-169x300.jpg\" alt=\"\" width=\"169\" height=\"300\" srcset=\"https:\/\/salt-n-light.de\/wp-content\/uploads\/2017-03-27-PHOTO-00000780-169x300.jpg 169w, https:\/\/salt-n-light.de\/wp-content\/uploads\/2017-03-27-PHOTO-00000780-576x1024.jpg 576w, https:\/\/salt-n-light.de\/wp-content\/uploads\/2017-03-27-PHOTO-00000780.jpg 720w\" sizes=\"auto, (max-width: 169px) 100vw, 169px\" \/><\/a> <a href=\"https:\/\/salt-n-light.de\/wp-content\/uploads\/2017-03-27-PHOTO-00000781.jpg\"><img loading=\"lazy\" decoding=\"async\" class=\"alignnone size-medium wp-image-1435\" src=\"https:\/\/salt-n-light.de\/wp-content\/uploads\/2017-03-27-PHOTO-00000781-169x300.jpg\" alt=\"\" width=\"169\" height=\"300\" srcset=\"https:\/\/salt-n-light.de\/wp-content\/uploads\/2017-03-27-PHOTO-00000781-169x300.jpg 169w, https:\/\/salt-n-light.de\/wp-content\/uploads\/2017-03-27-PHOTO-00000781-576x1024.jpg 576w, https:\/\/salt-n-light.de\/wp-content\/uploads\/2017-03-27-PHOTO-00000781.jpg 720w\" sizes=\"auto, (max-width: 169px) 100vw, 169px\" \/><\/a> <a href=\"https:\/\/salt-n-light.de\/wp-content\/uploads\/2017-03-27-PHOTO-00000782.jpg\"><img loading=\"lazy\" decoding=\"async\" class=\"alignnone size-medium wp-image-1436\" src=\"https:\/\/salt-n-light.de\/wp-content\/uploads\/2017-03-27-PHOTO-00000782-169x300.jpg\" alt=\"\" width=\"169\" height=\"300\" srcset=\"https:\/\/salt-n-light.de\/wp-content\/uploads\/2017-03-27-PHOTO-00000782-169x300.jpg 169w, https:\/\/salt-n-light.de\/wp-content\/uploads\/2017-03-27-PHOTO-00000782-576x1024.jpg 576w, https:\/\/salt-n-light.de\/wp-content\/uploads\/2017-03-27-PHOTO-00000782.jpg 720w\" sizes=\"auto, (max-width: 169px) 100vw, 169px\" \/><\/a><a href=\"https:\/\/salt-n-light.de\/wp-content\/uploads\/2017-03-21-PHOTO-00000681.jpg\"><img loading=\"lazy\" decoding=\"async\" class=\"alignnone size-medium wp-image-1433\" src=\"https:\/\/salt-n-light.de\/wp-content\/uploads\/2017-03-21-PHOTO-00000681-300x169.jpg\" alt=\"\" width=\"300\" height=\"169\" srcset=\"https:\/\/salt-n-light.de\/wp-content\/uploads\/2017-03-21-PHOTO-00000681-300x169.jpg 300w, https:\/\/salt-n-light.de\/wp-content\/uploads\/2017-03-21-PHOTO-00000681-768x432.jpg 768w, https:\/\/salt-n-light.de\/wp-content\/uploads\/2017-03-21-PHOTO-00000681-1024x576.jpg 1024w, https:\/\/salt-n-light.de\/wp-content\/uploads\/2017-03-21-PHOTO-00000681.jpg 1600w\" sizes=\"auto, (max-width: 300px) 100vw, 300px\" \/><\/a><\/p>\n<div id='gallery-1' class='gallery galleryid-388 gallery-columns-3 gallery-size-thumbnail'><figure class='gallery-item'>\n\t\t\t<div class='gallery-icon portrait'>\n\t\t\t\t<a href='https:\/\/salt-n-light.de\/wp-content\/uploads\/2017-03-27-PHOTO-00000779.jpg'><img loading=\"lazy\" decoding=\"async\" width=\"150\" height=\"150\" src=\"https:\/\/salt-n-light.de\/wp-content\/uploads\/2017-03-27-PHOTO-00000779-150x150.jpg\" class=\"attachment-thumbnail size-thumbnail\" alt=\"\" \/><\/a>\n\t\t\t<\/div><\/figure><figure class='gallery-item'>\n\t\t\t<div class='gallery-icon portrait'>\n\t\t\t\t<a href='https:\/\/salt-n-light.de\/wp-content\/uploads\/2017-03-27-PHOTO-00000782.jpg'><img loading=\"lazy\" decoding=\"async\" width=\"150\" height=\"150\" src=\"https:\/\/salt-n-light.de\/wp-content\/uploads\/2017-03-27-PHOTO-00000782-150x150.jpg\" class=\"attachment-thumbnail size-thumbnail\" alt=\"\" \/><\/a>\n\t\t\t<\/div><\/figure><figure class='gallery-item'>\n\t\t\t<div class='gallery-icon portrait'>\n\t\t\t\t<a href='https:\/\/salt-n-light.de\/wp-content\/uploads\/2017-03-27-PHOTO-00000781.jpg'><img loading=\"lazy\" decoding=\"async\" width=\"150\" height=\"150\" src=\"https:\/\/salt-n-light.de\/wp-content\/uploads\/2017-03-27-PHOTO-00000781-150x150.jpg\" class=\"attachment-thumbnail size-thumbnail\" alt=\"\" \/><\/a>\n\t\t\t<\/div><\/figure><figure class='gallery-item'>\n\t\t\t<div class='gallery-icon portrait'>\n\t\t\t\t<a href='https:\/\/salt-n-light.de\/wp-content\/uploads\/2017-03-27-PHOTO-00000780.jpg'><img loading=\"lazy\" decoding=\"async\" width=\"150\" height=\"150\" src=\"https:\/\/salt-n-light.de\/wp-content\/uploads\/2017-03-27-PHOTO-00000780-150x150.jpg\" class=\"attachment-thumbnail size-thumbnail\" alt=\"\" \/><\/a>\n\t\t\t<\/div><\/figure><figure class='gallery-item'>\n\t\t\t<div class='gallery-icon landscape'>\n\t\t\t\t<a href='https:\/\/salt-n-light.de\/wp-content\/uploads\/2017-03-21-PHOTO-00000681.jpg'><img loading=\"lazy\" decoding=\"async\" width=\"150\" height=\"150\" src=\"https:\/\/salt-n-light.de\/wp-content\/uploads\/2017-03-21-PHOTO-00000681-150x150.jpg\" class=\"attachment-thumbnail size-thumbnail\" alt=\"\" \/><\/a>\n\t\t\t<\/div><\/figure><figure class='gallery-item'>\n\t\t\t<div class='gallery-icon landscape'>\n\t\t\t\t<a href='https:\/\/salt-n-light.de\/wp-content\/uploads\/Doppelkonzert-Swinging-Church-2322013-Umschau.jpg'><img loading=\"lazy\" decoding=\"async\" width=\"150\" height=\"150\" src=\"https:\/\/salt-n-light.de\/wp-content\/uploads\/Doppelkonzert-Swinging-Church-2322013-Umschau-150x150.jpg\" class=\"attachment-thumbnail size-thumbnail\" alt=\"\" \/><\/a>\n\t\t\t<\/div><\/figure><figure class='gallery-item'>\n\t\t\t<div class='gallery-icon portrait'>\n\t\t\t\t<a href='https:\/\/salt-n-light.de\/wp-content\/uploads\/Doppelkonzert-Swinging-Church-2322013-myheimat.de_.jpg'><img loading=\"lazy\" decoding=\"async\" width=\"150\" height=\"150\" src=\"https:\/\/salt-n-light.de\/wp-content\/uploads\/Doppelkonzert-Swinging-Church-2322013-myheimat.de_-150x150.jpg\" class=\"attachment-thumbnail size-thumbnail\" alt=\"\" \/><\/a>\n\t\t\t<\/div><\/figure><figure class='gallery-item'>\n\t\t\t<div class='gallery-icon portrait'>\n\t\t\t\t<a href='https:\/\/salt-n-light.de\/wp-content\/uploads\/Doppelkonzert-Swinging-Church-2322013.jpg'><img loading=\"lazy\" decoding=\"async\" width=\"150\" height=\"150\" src=\"https:\/\/salt-n-light.de\/wp-content\/uploads\/Doppelkonzert-Swinging-Church-2322013-150x150.jpg\" class=\"attachment-thumbnail size-thumbnail\" alt=\"\" \/><\/a>\n\t\t\t<\/div><\/figure><figure class='gallery-item'>\n\t\t\t<div class='gallery-icon portrait'>\n\t\t\t\t<a href='https:\/\/salt-n-light.de\/wp-content\/uploads\/Zeitungsartikel-Ank\u00fcndigung-1.php1_1.jpg'><img loading=\"lazy\" decoding=\"async\" width=\"150\" height=\"150\" src=\"https:\/\/salt-n-light.de\/wp-content\/uploads\/Zeitungsartikel-Ank\u00fcndigung-1.php1_1-150x150.jpg\" class=\"attachment-thumbnail size-thumbnail\" alt=\"\" \/><\/a>\n\t\t\t<\/div><\/figure><figure class='gallery-item'>\n\t\t\t<div class='gallery-icon landscape'>\n\t\t\t\t<a href='https:\/\/salt-n-light.de\/wp-content\/uploads\/Gospel-Benefiz-001.jpg'><img loading=\"lazy\" decoding=\"async\" width=\"150\" height=\"150\" src=\"https:\/\/salt-n-light.de\/wp-content\/uploads\/Gospel-Benefiz-001-150x150.jpg\" class=\"attachment-thumbnail size-thumbnail\" alt=\"\" \/><\/a>\n\t\t\t<\/div><\/figure><figure class='gallery-item'>\n\t\t\t<div class='gallery-icon landscape'>\n\t\t\t\t<a href='https:\/\/salt-n-light.de\/wp-content\/uploads\/Flashmob-001.jpg'><img loading=\"lazy\" decoding=\"async\" width=\"150\" height=\"150\" src=\"https:\/\/salt-n-light.de\/wp-content\/uploads\/Flashmob-001-150x150.jpg\" class=\"attachment-thumbnail size-thumbnail\" alt=\"\" \/><\/a>\n\t\t\t<\/div><\/figure><figure class='gallery-item'>\n\t\t\t<div class='gallery-icon landscape'>\n\t\t\t\t<a href='https:\/\/salt-n-light.de\/wp-content\/uploads\/TriSoloKonzert12052012-001.jpg'><img loading=\"lazy\" decoding=\"async\" width=\"150\" height=\"150\" src=\"https:\/\/salt-n-light.de\/wp-content\/uploads\/TriSoloKonzert12052012-001-150x150.jpg\" class=\"attachment-thumbnail size-thumbnail\" alt=\"\" \/><\/a>\n\t\t\t<\/div><\/figure><figure class='gallery-item'>\n\t\t\t<div class='gallery-icon landscape'>\n\t\t\t\t<a href='https:\/\/salt-n-light.de\/wp-content\/uploads\/Queen-Classical-001.jpg'><img loading=\"lazy\" decoding=\"async\" width=\"150\" height=\"150\" src=\"https:\/\/salt-n-light.de\/wp-content\/uploads\/Queen-Classical-001-150x150.jpg\" class=\"attachment-thumbnail size-thumbnail\" alt=\"\" \/><\/a>\n\t\t\t<\/div><\/figure><figure class='gallery-item'>\n\t\t\t<div class='gallery-icon landscape'>\n\t\t\t\t<a href='https:\/\/salt-n-light.de\/wp-content\/uploads\/Benefiz-26.3.11.jpg'><img loading=\"lazy\" decoding=\"async\" width=\"150\" height=\"150\" src=\"https:\/\/salt-n-light.de\/wp-content\/uploads\/Benefiz-26.3.11-150x150.jpg\" class=\"attachment-thumbnail size-thumbnail\" alt=\"\" \/><\/a>\n\t\t\t<\/div><\/figure><figure class='gallery-item'>\n\t\t\t<div class='gallery-icon landscape'>\n\t\t\t\t<a href='https:\/\/salt-n-light.de\/wp-content\/uploads\/hildesheim-2010.jpg'><img loading=\"lazy\" decoding=\"async\" width=\"150\" height=\"150\" src=\"https:\/\/salt-n-light.de\/wp-content\/uploads\/hildesheim-2010-150x150.jpg\" class=\"attachment-thumbnail size-thumbnail\" alt=\"\" \/><\/a>\n\t\t\t<\/div><\/figure><figure class='gallery-item'>\n\t\t\t<div class='gallery-icon landscape'>\n\t\t\t\t<a href='https:\/\/salt-n-light.de\/wp-content\/uploads\/Dewezet30102008.jpg'><img loading=\"lazy\" decoding=\"async\" width=\"150\" height=\"150\" src=\"https:\/\/salt-n-light.de\/wp-content\/uploads\/Dewezet30102008-150x150.jpg\" class=\"attachment-thumbnail size-thumbnail\" alt=\"\" \/><\/a>\n\t\t\t<\/div><\/figure><figure class='gallery-item'>\n\t\t\t<div class='gallery-icon landscape'>\n\t\t\t\t<a href='https:\/\/salt-n-light.de\/wp-content\/uploads\/Almena.jpg'><img loading=\"lazy\" decoding=\"async\" width=\"150\" height=\"150\" src=\"https:\/\/salt-n-light.de\/wp-content\/uploads\/Almena-150x150.jpg\" class=\"attachment-thumbnail size-thumbnail\" alt=\"\" \/><\/a>\n\t\t\t<\/div><\/figure><figure class='gallery-item'>\n\t\t\t<div class='gallery-icon landscape'>\n\t\t\t\t<a href='https:\/\/salt-n-light.de\/wp-content\/uploads\/2007Gospelkonzert-Salzhemmendorf1-001.jpg'><img loading=\"lazy\" decoding=\"async\" width=\"150\" height=\"150\" src=\"https:\/\/salt-n-light.de\/wp-content\/uploads\/2007Gospelkonzert-Salzhemmendorf1-001-150x150.jpg\" class=\"attachment-thumbnail size-thumbnail\" alt=\"\" \/><\/a>\n\t\t\t<\/div><\/figure>\n\t\t<\/div>\n\n","protected":false},"excerpt":{"rendered":"<p>Die neuesten Beitr\u00e4ge aus der Dewezet zu unserem Konzert mit Deborah Woodson!!!! am 25. M\u00e4rz 2017 in der Marktkirche! Einmal die sehr gut gelungene Ank\u00fcndigung und dann ein Nachbericht \u00fcber den wir uns sehr gefreut haben, seht selbst: &nbsp; &nbsp;<\/p>\n","protected":false},"author":2,"featured_media":0,"parent":381,"menu_order":2,"comment_status":"closed","ping_status":"closed","template":"","meta":{"ngg_post_thumbnail":0,"footnotes":""},"class_list":["post-388","page","type-page","status-publish","hentry"],"_links":{"self":[{"href":"https:\/\/salt-n-light.de\/index.php?rest_route=\/wp\/v2\/pages\/388","targetHints":{"allow":["GET"]}}],"collection":[{"href":"https:\/\/salt-n-light.de\/index.php?rest_route=\/wp\/v2\/pages"}],"about":[{"href":"https:\/\/salt-n-light.de\/index.php?rest_route=\/wp\/v2\/types\/page"}],"author":[{"embeddable":true,"href":"https:\/\/salt-n-light.de\/index.php?rest_route=\/wp\/v2\/users\/2"}],"replies":[{"embeddable":true,"href":"https:\/\/salt-n-light.de\/index.php?rest_route=%2Fwp%2Fv2%2Fcomments&post=388"}],"version-history":[{"count":5,"href":"https:\/\/salt-n-light.de\/index.php?rest_route=\/wp\/v2\/pages\/388\/revisions"}],"predecessor-version":[{"id":1440,"href":"https:\/\/salt-n-light.de\/index.php?rest_route=\/wp\/v2\/pages\/388\/revisions\/1440"}],"up":[{"embeddable":true,"href":"https:\/\/salt-n-light.de\/index.php?rest_route=\/wp\/v2\/pages\/381"}],"wp:attachment":[{"href":"https:\/\/salt-n-light.de\/index.php?rest_route=%2Fwp%2Fv2%2Fmedia&parent=388"}],"curies":[{"name":"wp","href":"https:\/\/api.w.org\/{rel}","templated":true}]}}