{"id":1254,"date":"2015-12-23T11:39:00","date_gmt":"2015-12-23T10:39:00","guid":{"rendered":"http:\/\/salt-n-light.de\/?page_id=1254"},"modified":"2017-01-08T17:43:16","modified_gmt":"2017-01-08T16:43:16","slug":"unser-leitbild","status":"publish","type":"page","link":"https:\/\/salt-n-light.de\/?page_id=1254","title":{"rendered":"Unser Leitbild"},"content":{"rendered":"<p align=\"CENTER\"><span style=\"font-family: Vijaya,sans-serif;\"><span style=\"font-size: 300%;\"><u><b>Unser Leitbild <\/b><\/u><\/span><\/span><\/p>\n<p>&nbsp;<\/p>\n<p>&nbsp;<\/p>\n<p style=\"text-align: center;\" align=\"LEFT\"><span style=\"font-family: Vijaya,sans-serif;\"><span style=\"font-size: xx-large;\">Uns als Hamelner Gospelchor Salt &#8217;n&#8216; Light e.V. ist das gemeinschaftliche Singen und Verbreiten der guten Nachricht ein besonderes Anliegen.<\/span><\/span><\/p>\n<p style=\"text-align: center;\" align=\"LEFT\"><span style=\"font-family: Vijaya,sans-serif;\"><span style=\"font-size: xx-large;\">Mit unseren Liedern m\u00f6chten wir unsere Mitmenschen einladen, offen auf unseren Glauben zu schauen und unsere Freude zu sp\u00fcren.<\/span><\/span><\/p>\n<p style=\"text-align: center;\" align=\"LEFT\"><span style=\"font-family: Vijaya,sans-serif;\"><span style=\"font-size: xx-large;\">Wir als S\u00e4ngerinnen und S\u00e4nger lieben das Singen. Es ist f\u00fcr uns eine Quelle der Kraft und Inspiration. Gleichzeitig gibt es uns gro\u00dfe Energie und Freude. <\/span><\/span><\/p>\n<p style=\"text-align: center;\" align=\"LEFT\"><span style=\"font-family: Vijaya,sans-serif;\"><span style=\"font-size: xx-large;\">Der respektvolle Umgang untereinander sowie mit unserer Umwelt ist f\u00fcr uns eine Herzenssache. <\/span><\/span><\/p>\n<p style=\"text-align: center;\" align=\"LEFT\"><span style=\"font-family: Vijaya,sans-serif;\"><span style=\"font-size: xx-large;\">Unser Weg ist es, weiterhin mit der Musik zu wachsen, unsere Freude immer wieder zu teilen und jeden Einzelnen mitzunehmen.<\/span><\/span><\/p>\n<p style=\"text-align: center;\" align=\"LEFT\"><span style=\"font-family: Vijaya,sans-serif;\"><span style=\"font-size: xx-large;\">Gospel ist den Himmel im Herzen zu tragen!<\/span><\/span><\/p>\n","protected":false},"excerpt":{"rendered":"<p>Unser Leitbild &nbsp; &nbsp; Uns als Hamelner Gospelchor Salt &#8217;n&#8216; Light e.V. ist das gemeinschaftliche Singen und Verbreiten der guten Nachricht ein besonderes Anliegen. Mit unseren Liedern m\u00f6chten wir unsere Mitmenschen einladen, offen auf unseren Glauben zu schauen und unsere Freude zu sp\u00fcren. Wir als S\u00e4ngerinnen und S\u00e4nger lieben das Singen. Es ist f\u00fcr uns [&hellip;]<\/p>\n","protected":false},"author":3,"featured_media":0,"parent":6,"menu_order":1,"comment_status":"closed","ping_status":"closed","template":"","meta":{"ngg_post_thumbnail":0,"footnotes":""},"class_list":["post-1254","page","type-page","status-publish","hentry"],"_links":{"self":[{"href":"https:\/\/salt-n-light.de\/index.php?rest_route=\/wp\/v2\/pages\/1254","targetHints":{"allow":["GET"]}}],"collection":[{"href":"https:\/\/salt-n-light.de\/index.php?rest_route=\/wp\/v2\/pages"}],"about":[{"href":"https:\/\/salt-n-light.de\/index.php?rest_route=\/wp\/v2\/types\/page"}],"author":[{"embeddable":true,"href":"https:\/\/salt-n-light.de\/index.php?rest_route=\/wp\/v2\/users\/3"}],"replies":[{"embeddable":true,"href":"https:\/\/salt-n-light.de\/index.php?rest_route=%2Fwp%2Fv2%2Fcomments&post=1254"}],"version-history":[{"count":5,"href":"https:\/\/salt-n-light.de\/index.php?rest_route=\/wp\/v2\/pages\/1254\/revisions"}],"predecessor-version":[{"id":1268,"href":"https:\/\/salt-n-light.de\/index.php?rest_route=\/wp\/v2\/pages\/1254\/revisions\/1268"}],"up":[{"embeddable":true,"href":"https:\/\/salt-n-light.de\/index.php?rest_route=\/wp\/v2\/pages\/6"}],"wp:attachment":[{"href":"https:\/\/salt-n-light.de\/index.php?rest_route=%2Fwp%2Fv2%2Fmedia&parent=1254"}],"curies":[{"name":"wp","href":"https:\/\/api.w.org\/{rel}","templated":true}]}}